{"id":5167,"date":"2023-05-04T03:10:47","date_gmt":"2023-05-04T03:10:47","guid":{"rendered":"https:\/\/barber.arrowtheme.com\/barber-el\/?page_id=5167"},"modified":"2025-10-26T13:22:29","modified_gmt":"2025-10-26T12:22:29","slug":"appointment","status":"publish","type":"page","link":"https:\/\/frizerskistudiogogo.com\/hr\/appointment\/","title":{"rendered":"REZERVACIJE"},"content":{"rendered":"<div data-elementor-type=\"wp-page\" data-elementor-id=\"5167\" class=\"elementor elementor-5167\">\n\t\t\t\t\t\t<section class=\"elementor-section elementor-top-section elementor-element elementor-element-95f0594 elementor-section-full_width elementor-section-stretched elementor-section-height-default elementor-section-height-default\" data-id=\"95f0594\" data-element_type=\"section\" data-settings=\"{&quot;stretch_section&quot;:&quot;section-stretched&quot;}\">\n\t\t\t\t\t\t<div class=\"elementor-container elementor-column-gap-no\">\n\t\t\t\t\t<div class=\"elementor-column elementor-col-50 elementor-top-column elementor-element elementor-element-d2483c7 box-scheduce-content\" data-id=\"d2483c7\" data-element_type=\"column\" data-settings=\"{&quot;background_background&quot;:&quot;classic&quot;}\">\n\t\t\t<div class=\"elementor-widget-wrap elementor-element-populated\">\n\t\t\t\t\t<div class=\"elementor-background-overlay\"><\/div>\n\t\t\t\t\t\t<div class=\"elementor-element elementor-element-2c7a4b0 elementor-widget elementor-widget-thim-ekits-heading\" data-id=\"2c7a4b0\" data-element_type=\"widget\" data-widget_type=\"thim-ekits-heading.default\">\n\t\t\t\t<div class=\"elementor-widget-container\">\n\t\t\t\t\t<div class=\"thim-ekits-heading thim-ekit__heading\"><h3 class=\"title\">RADNO VRIJEME<\/h3><\/div>\t\t\t\t<\/div>\n\t\t\t\t<\/div>\n\t\t\t\t<div class=\"elementor-element elementor-element-52dc995 elementor-widget elementor-widget-text-editor\" data-id=\"52dc995\" data-element_type=\"widget\" data-widget_type=\"text-editor.default\">\n\t\t\t\t<div class=\"elementor-widget-container\">\n\t\t\t\t\t\t\t\t\t<ul class=\"list-items-time\">\n  <li><span>PO<\/span>08:00 &#8211; 17:00<\/li>\n  <li><span>UT<\/span>08:00 &#8211; 17:00<\/li>\n  <li><span>SR<\/span>08:00 &#8211; 17:00<\/li>\n  <li><span>\u010cE<\/span>08:00 &#8211; 17:00<\/li>\n  <li><span>PE<\/span>08:00 &#8211; 17:00<\/li>\n  <li><span>SU<\/span>08:00 &#8211; 17:00<\/li>\n  <li><span>Sun<\/span>Zatvoreno<\/li>\n<\/ul>\n\t\t\t\t\t\t\t\t<\/div>\n\t\t\t\t<\/div>\n\t\t\t\t<div class=\"elementor-element elementor-element-cc726d6 elementor-widget elementor-widget-thim-ekits-button\" data-id=\"cc726d6\" data-element_type=\"widget\" data-widget_type=\"thim-ekits-button.default\">\n\t\t\t\t<div class=\"elementor-widget-container\">\n\t\t\t\t\t\n\t\t<div class=\"thim-ekits-button\">\n\t\t\t<a href=\"https:\/\/frizerskistudiogogo.com\/hr\/contact-us\/\" role=\"button\">\n\t\t\t\t<span class=\"button-content-wrapper\">\n\t\t\t\t\tKONTAKTIRAJTE NAS\t\t\t\t<\/span>\n\t\t\t<\/a>\n\t\t<\/div>\n\n\t\t\t\t\t\t<\/div>\n\t\t\t\t<\/div>\n\t\t\t\t\t<\/div>\n\t\t<\/div>\n\t\t\t\t<div class=\"elementor-column elementor-col-50 elementor-top-column elementor-element elementor-element-be8d48f\" data-id=\"be8d48f\" data-element_type=\"column\">\n\t\t\t<div class=\"elementor-widget-wrap elementor-element-populated\">\n\t\t\t\t\t\t<div class=\"elementor-element elementor-element-14faf0e elementor-widget__width-initial elementor-widget-mobile__width-inherit elementor-widget elementor-widget-thim-ekits-icon-box\" data-id=\"14faf0e\" data-element_type=\"widget\" data-widget_type=\"thim-ekits-icon-box.default\">\n\t\t\t\t<div class=\"elementor-widget-container\">\n\t\t\t\t\t<div class=\"ekits-iconbox iconbox-top\"><div class=\"boxes-icon\"><svg xmlns=\"http:\/\/www.w3.org\/2000\/svg\" width=\"1244\" height=\"1024\" viewbox=\"0 0 1244 1024\"><title>banknote<\/title><g id=\"icomoon-ignore\"><\/g><path d=\"M363.23 686.531l60.538-122.365c0 0-230.561-314.284-327.165-379.975-3.864-1.288-79.859 19.321-96.604 92.74l363.23 409.6zM401.872 731.613l43.794-55.386c0 0 87.587 83.723 113.348 118.501 21.897-18.033 179.039-170.023 179.039-170.023l72.131 92.74-184.191 142.974c0 0 109.484 83.723 88.875 162.294h-23.185c0 0 5.152-128.805-114.636-128.805l-41.218 27.049c0 0-59.25 21.897-63.114-30.913l43.794-50.234-114.636-108.196zM662.058 350.35l-48.946 72.131c0 0 300.116 414.752 310.42 423.769-14.169-50.234-261.474-495.899-261.474-495.899zM644.025 407.024l221.545 343.909c0 0-234.425-331.029-233.137-343.909h11.592zM796.015 569.318c0 0 54.098 88.875 59.25 109.484 15.457-11.592 347.774-310.42 377.399-404.448 0 0 29.625-55.386-5.152-82.435s-68.267-11.592-135.245 60.538-296.252 316.86-296.252 316.86zM899.059 19.321c-70.843-50.234-121.077 14.169-121.077 14.169l-151.99 256.322c-19.321-2.576-25.761 7.728-30.913 12.881-37.353 30.913-297.54 548.709-297.54 548.709l231.849-314.284 137.821-209.952 96.604-161.006c-3.864-7.728 46.37 60.538 113.348 9.016s61.826-121.077 21.897-155.854zM613.112 363.23c-10.304 0-19.321-9.016-19.321-19.321s9.016-19.321 19.321-19.321 19.321 9.016 19.321 19.321c0 10.304-9.016 19.321-19.321 19.321zM891.331 123.653c-18.033 37.353-55.386 55.386-85.011 41.218s-38.642-55.386-21.897-91.452c18.033-37.353 55.386-55.386 85.011-41.218 29.625 12.881 38.642 54.098 21.897 91.452zM476.579 81.147c0 0-54.098-122.365-146.838-64.403 0 0-70.843 51.522 0 139.109 0 0 60.538 77.283 132.669 11.592l97.892 166.158c0 0 24.473-43.794 34.777-46.37l-118.501-206.088zM416.040 163.582c-30.913 12.881-69.555-6.44-85.011-43.794s-2.576-78.571 28.337-91.452 69.555 6.44 85.011 43.794c16.745 37.353 3.864 78.571-28.337 91.452z\"><\/path><\/svg><\/div><div class=\"content-inner thim-ekits-heading\"><h2 class=\"title\">SJAJNE USLUGE<\/h2><p class=\"sub-heading\">Trebate \u0161i\u0161anje? Rezervacija u Frizerskom Studiju GOGO je jednostavna. Od klasi\u010dnih stilova do modernih krojeva, na\u0161 profesionalni tim spreman je stvoriti savr\u0161en izgled za vas. Nazovite nas ili rezervirajte svoj termin online ve\u0107 danas!<\/p><\/div><\/div>\t\t\t\t<\/div>\n\t\t\t\t<\/div>\n\t\t\t\t<div class=\"elementor-element elementor-element-c610d4d wpb_text_column elementor-widget elementor-widget-shortcode\" data-id=\"c610d4d\" data-element_type=\"widget\" data-widget_type=\"shortcode.default\">\n\t\t\t\t<div class=\"elementor-widget-container\">\n\t\t\t\t\t\t\t<div class=\"elementor-shortcode\">    <div id=\"sln-salon\" class=\"sln-bootstrap container-fluid sln-salon--m\">\n        <div id=\"sln-salon__content\" class=\"sln-bootstrap container-fluid sln-salon--m__content\">\n                            \r\n<div id=\"sln-salon-booking\" class=\"sln-shortcode sln-salon--m sln-step-date\">\r\n    <div id=\"sln-salon-booking__content\" class=\"sln-salon--m__content sln-salon__content-step-date\">\r\n        <div class=\"sln-topbar\"><h6><a href=\"https:\/\/frizerskistudiogogo.com\/hr\/booking-my-account\/\">Log-in<\/a><\/h6><\/div>\t<h2 class=\"sln-salon-title\">Rezerviraj termin<\/h2>\r\n\t<script>mixpanel.track('Front-end booking form', {\"step\":\"date\",\"version\":\"pro\",\"layout\":\"medium\",\"enviroment\":\"live\"});<\/script>\t<h2 class=\"salon-step-title\">Kada \u017eeli\u0161 da do\u0111e\u0161?<\/h2>\r\n\t<div class=\"sln-progbar__wrapper\">\n        <\/h1>\n    <div class=\"sln-progbar__text\">\n        Step <span>1\/6<\/span> <span><\/span> <span><\/span> <span><\/span> <span><\/span> <span><\/span>    <\/div>\n    <div class=\"sln-progbar\">\n        <div class=\"sln-progbar__item  sln-progbar__item--thankyou\" data-zindex=\"1\"><span class=\"sr-only\">thankyou<\/span><\/div><div class=\"sln-progbar__item  sln-progbar__item--summary\" data-zindex=\"2\"><span class=\"sr-only\">summary<\/span><\/div><div class=\"sln-progbar__item  sln-progbar__item--details\" data-zindex=\"3\"><span class=\"sr-only\">details<\/span><\/div><div class=\"sln-progbar__item  sln-progbar__item--attendant\" data-zindex=\"4\"><span class=\"sr-only\">attendant<\/span><\/div><div class=\"sln-progbar__item  sln-progbar__item--services\" data-zindex=\"5\"><span class=\"sr-only\">services<\/span><\/div><div class=\"sln-progbar__item sln-progbar__item--current sln-progbar__item--date\" data-zindex=\"6\"><span class=\"sr-only\">date<\/span><\/div>    <\/div>\n<\/div>        \r\n    <form method=\"post\" action=\"\/hr\/wp-json\/wp\/v2\/pages\/5167?sln_step_page=date\" id=\"salon-step-date\"\r\n            data-intervals=\"{&quot;years&quot;:{&quot;2026&quot;:&quot;2026&quot;},&quot;months&quot;:{&quot;04&quot;:&quot;tra&quot;,&quot;05&quot;:&quot;svi&quot;},&quot;days&quot;:{&quot;22&quot;:&quot;22&quot;,&quot;23&quot;:&quot;23&quot;,&quot;24&quot;:&quot;24&quot;,&quot;25&quot;:&quot;25&quot;,&quot;27&quot;:&quot;27&quot;,&quot;28&quot;:&quot;28&quot;,&quot;29&quot;:&quot;29&quot;,&quot;30&quot;:&quot;30&quot;},&quot;times&quot;:{&quot;11:15&quot;:&quot;11:15&quot;,&quot;11:20&quot;:&quot;11:20&quot;,&quot;11:25&quot;:&quot;11:25&quot;,&quot;11:30&quot;:&quot;11:30&quot;,&quot;11:35&quot;:&quot;11:35&quot;,&quot;11:40&quot;:&quot;11:40&quot;,&quot;11:45&quot;:&quot;11:45&quot;,&quot;11:50&quot;:&quot;11:50&quot;,&quot;11:55&quot;:&quot;11:55&quot;,&quot;12:00&quot;:&quot;12:00&quot;,&quot;12:05&quot;:&quot;12:05&quot;,&quot;12:10&quot;:&quot;12:10&quot;,&quot;12:15&quot;:&quot;12:15&quot;,&quot;12:20&quot;:&quot;12:20&quot;,&quot;12:25&quot;:&quot;12:25&quot;,&quot;12:30&quot;:&quot;12:30&quot;,&quot;12:35&quot;:&quot;12:35&quot;,&quot;12:40&quot;:&quot;12:40&quot;,&quot;12:45&quot;:&quot;12:45&quot;,&quot;12:50&quot;:&quot;12:50&quot;,&quot;12:55&quot;:&quot;12:55&quot;,&quot;13:00&quot;:&quot;13:00&quot;,&quot;13:05&quot;:&quot;13:05&quot;,&quot;13:10&quot;:&quot;13:10&quot;,&quot;13:15&quot;:&quot;13:15&quot;,&quot;13:20&quot;:&quot;13:20&quot;,&quot;13:25&quot;:&quot;13:25&quot;,&quot;13:30&quot;:&quot;13:30&quot;,&quot;13:35&quot;:&quot;13:35&quot;,&quot;13:40&quot;:&quot;13:40&quot;,&quot;13:45&quot;:&quot;13:45&quot;,&quot;13:50&quot;:&quot;13:50&quot;,&quot;13:55&quot;:&quot;13:55&quot;,&quot;14:00&quot;:&quot;14:00&quot;,&quot;14:05&quot;:&quot;14:05&quot;,&quot;14:10&quot;:&quot;14:10&quot;,&quot;14:15&quot;:&quot;14:15&quot;,&quot;14:20&quot;:&quot;14:20&quot;,&quot;14:25&quot;:&quot;14:25&quot;,&quot;14:30&quot;:&quot;14:30&quot;,&quot;14:35&quot;:&quot;14:35&quot;,&quot;14:40&quot;:&quot;14:40&quot;,&quot;14:45&quot;:&quot;14:45&quot;,&quot;14:50&quot;:&quot;14:50&quot;,&quot;14:55&quot;:&quot;14:55&quot;,&quot;15:00&quot;:&quot;15:00&quot;,&quot;15:05&quot;:&quot;15:05&quot;,&quot;15:10&quot;:&quot;15:10&quot;,&quot;15:15&quot;:&quot;15:15&quot;,&quot;15:20&quot;:&quot;15:20&quot;,&quot;15:25&quot;:&quot;15:25&quot;,&quot;15:30&quot;:&quot;15:30&quot;,&quot;15:35&quot;:&quot;15:35&quot;,&quot;15:40&quot;:&quot;15:40&quot;,&quot;15:45&quot;:&quot;15:45&quot;,&quot;15:50&quot;:&quot;15:50&quot;,&quot;15:55&quot;:&quot;15:55&quot;,&quot;16:00&quot;:&quot;16:00&quot;,&quot;16:05&quot;:&quot;16:05&quot;,&quot;16:10&quot;:&quot;16:10&quot;,&quot;16:15&quot;:&quot;16:15&quot;,&quot;16:20&quot;:&quot;16:20&quot;,&quot;16:25&quot;:&quot;16:25&quot;,&quot;16:30&quot;:&quot;16:30&quot;,&quot;16:35&quot;:&quot;16:35&quot;,&quot;16:40&quot;:&quot;16:40&quot;,&quot;16:45&quot;:&quot;16:45&quot;,&quot;16:50&quot;:&quot;16:50&quot;,&quot;16:55&quot;:&quot;16:55&quot;},&quot;dates&quot;:[&quot;2026-04-22&quot;,&quot;2026-04-23&quot;,&quot;2026-04-24&quot;,&quot;2026-04-25&quot;,&quot;2026-04-27&quot;,&quot;2026-04-28&quot;,&quot;2026-04-29&quot;,&quot;2026-04-30&quot;,&quot;2026-05-01&quot;,&quot;2026-05-02&quot;,&quot;2026-05-04&quot;,&quot;2026-05-05&quot;,&quot;2026-05-06&quot;,&quot;2026-05-07&quot;,&quot;2026-05-08&quot;,&quot;2026-05-09&quot;,&quot;2026-05-11&quot;,&quot;2026-05-12&quot;,&quot;2026-05-13&quot;,&quot;2026-05-14&quot;,&quot;2026-05-15&quot;,&quot;2026-05-16&quot;,&quot;2026-05-18&quot;,&quot;2026-05-19&quot;,&quot;2026-05-20&quot;],&quot;workTimes&quot;:{&quot;08:00&quot;:&quot;08:00&quot;,&quot;08:05&quot;:&quot;08:05&quot;,&quot;08:10&quot;:&quot;08:10&quot;,&quot;08:15&quot;:&quot;08:15&quot;,&quot;08:20&quot;:&quot;08:20&quot;,&quot;08:25&quot;:&quot;08:25&quot;,&quot;08:30&quot;:&quot;08:30&quot;,&quot;08:35&quot;:&quot;08:35&quot;,&quot;08:40&quot;:&quot;08:40&quot;,&quot;08:45&quot;:&quot;08:45&quot;,&quot;08:50&quot;:&quot;08:50&quot;,&quot;08:55&quot;:&quot;08:55&quot;,&quot;09:00&quot;:&quot;09:00&quot;,&quot;09:05&quot;:&quot;09:05&quot;,&quot;09:10&quot;:&quot;09:10&quot;,&quot;09:15&quot;:&quot;09:15&quot;,&quot;09:20&quot;:&quot;09:20&quot;,&quot;09:25&quot;:&quot;09:25&quot;,&quot;09:30&quot;:&quot;09:30&quot;,&quot;09:35&quot;:&quot;09:35&quot;,&quot;09:40&quot;:&quot;09:40&quot;,&quot;09:45&quot;:&quot;09:45&quot;,&quot;09:50&quot;:&quot;09:50&quot;,&quot;09:55&quot;:&quot;09:55&quot;,&quot;10:00&quot;:&quot;10:00&quot;,&quot;10:05&quot;:&quot;10:05&quot;,&quot;10:10&quot;:&quot;10:10&quot;,&quot;10:15&quot;:&quot;10:15&quot;,&quot;10:20&quot;:&quot;10:20&quot;,&quot;10:25&quot;:&quot;10:25&quot;,&quot;10:30&quot;:&quot;10:30&quot;,&quot;10:35&quot;:&quot;10:35&quot;,&quot;10:40&quot;:&quot;10:40&quot;,&quot;10:45&quot;:&quot;10:45&quot;,&quot;10:50&quot;:&quot;10:50&quot;,&quot;10:55&quot;:&quot;10:55&quot;,&quot;11:00&quot;:&quot;11:00&quot;,&quot;11:05&quot;:&quot;11:05&quot;,&quot;11:10&quot;:&quot;11:10&quot;,&quot;11:15&quot;:&quot;11:15&quot;,&quot;11:20&quot;:&quot;11:20&quot;,&quot;11:25&quot;:&quot;11:25&quot;,&quot;11:30&quot;:&quot;11:30&quot;,&quot;11:35&quot;:&quot;11:35&quot;,&quot;11:40&quot;:&quot;11:40&quot;,&quot;11:45&quot;:&quot;11:45&quot;,&quot;11:50&quot;:&quot;11:50&quot;,&quot;11:55&quot;:&quot;11:55&quot;,&quot;12:00&quot;:&quot;12:00&quot;,&quot;12:05&quot;:&quot;12:05&quot;,&quot;12:10&quot;:&quot;12:10&quot;,&quot;12:15&quot;:&quot;12:15&quot;,&quot;12:20&quot;:&quot;12:20&quot;,&quot;12:25&quot;:&quot;12:25&quot;,&quot;12:30&quot;:&quot;12:30&quot;,&quot;12:35&quot;:&quot;12:35&quot;,&quot;12:40&quot;:&quot;12:40&quot;,&quot;12:45&quot;:&quot;12:45&quot;,&quot;12:50&quot;:&quot;12:50&quot;,&quot;12:55&quot;:&quot;12:55&quot;,&quot;13:00&quot;:&quot;13:00&quot;,&quot;13:05&quot;:&quot;13:05&quot;,&quot;13:10&quot;:&quot;13:10&quot;,&quot;13:15&quot;:&quot;13:15&quot;,&quot;13:20&quot;:&quot;13:20&quot;,&quot;13:25&quot;:&quot;13:25&quot;,&quot;13:30&quot;:&quot;13:30&quot;,&quot;13:35&quot;:&quot;13:35&quot;,&quot;13:40&quot;:&quot;13:40&quot;,&quot;13:45&quot;:&quot;13:45&quot;,&quot;13:50&quot;:&quot;13:50&quot;,&quot;13:55&quot;:&quot;13:55&quot;,&quot;14:00&quot;:&quot;14:00&quot;,&quot;14:05&quot;:&quot;14:05&quot;,&quot;14:10&quot;:&quot;14:10&quot;,&quot;14:15&quot;:&quot;14:15&quot;,&quot;14:20&quot;:&quot;14:20&quot;,&quot;14:25&quot;:&quot;14:25&quot;,&quot;14:30&quot;:&quot;14:30&quot;,&quot;14:35&quot;:&quot;14:35&quot;,&quot;14:40&quot;:&quot;14:40&quot;,&quot;14:45&quot;:&quot;14:45&quot;,&quot;14:50&quot;:&quot;14:50&quot;,&quot;14:55&quot;:&quot;14:55&quot;,&quot;15:00&quot;:&quot;15:00&quot;,&quot;15:05&quot;:&quot;15:05&quot;,&quot;15:10&quot;:&quot;15:10&quot;,&quot;15:15&quot;:&quot;15:15&quot;,&quot;15:20&quot;:&quot;15:20&quot;,&quot;15:25&quot;:&quot;15:25&quot;,&quot;15:30&quot;:&quot;15:30&quot;,&quot;15:35&quot;:&quot;15:35&quot;,&quot;15:40&quot;:&quot;15:40&quot;,&quot;15:45&quot;:&quot;15:45&quot;,&quot;15:50&quot;:&quot;15:50&quot;,&quot;15:55&quot;:&quot;15:55&quot;,&quot;16:00&quot;:&quot;16:00&quot;,&quot;16:05&quot;:&quot;16:05&quot;,&quot;16:10&quot;:&quot;16:10&quot;,&quot;16:15&quot;:&quot;16:15&quot;,&quot;16:20&quot;:&quot;16:20&quot;,&quot;16:25&quot;:&quot;16:25&quot;,&quot;16:30&quot;:&quot;16:30&quot;,&quot;16:35&quot;:&quot;16:35&quot;,&quot;16:40&quot;:&quot;16:40&quot;,&quot;16:45&quot;:&quot;16:45&quot;,&quot;16:50&quot;:&quot;16:50&quot;,&quot;16:55&quot;:&quot;16:55&quot;},&quot;interval&quot;:&quot;5&quot;,&quot;fullDays&quot;:[],&quot;suggestedDay&quot;:&quot;22&quot;,&quot;suggestedMonth&quot;:&quot;04&quot;,&quot;suggestedYear&quot;:&quot;2026&quot;,&quot;suggestedDate&quot;:&quot;22 Tra 2026&quot;,&quot;suggestedTime&quot;:&quot;11:10&quot;,&quot;universalSuggestedDate&quot;:&quot;2026-04-22&quot;}\" data-trp-original-action=\"\/hr\/wp-json\/wp\/v2\/pages\/5167?sln_step_page=date\"\r\n            >\r\n                            <div class=\"row sln-box--main sln-box--main--datepicker\">\r\n                \n<div class=\"col-xs-12  sln-input sln-input--datepicker\">\n    <div class=\"sln-jsdate\">\n\t\t\t<div class=\"sln_datepicker\"><div name=\"sln[date]\" id=\"sln_date\"\n\t\t\t\tdata-format=\"dd M yyyy\" data-weekstart=\"1\"\n\t\t\t\tvalue=\"22 Tra 2026\"\n                data-value=\"2026-04-22 11:10:00\"\n                data-locale=\"hr\"\n\t\t\t\tdata-availability-dates=\"[[],{&quot;from&quot;:[&quot;8:00&quot;],&quot;to&quot;:[&quot;17:00&quot;]},{&quot;from&quot;:[&quot;8:00&quot;],&quot;to&quot;:[&quot;17:00&quot;]},{&quot;from&quot;:[&quot;8:00&quot;],&quot;to&quot;:[&quot;17:00&quot;]},{&quot;from&quot;:[&quot;8:00&quot;],&quot;to&quot;:[&quot;17:00&quot;]},{&quot;from&quot;:[&quot;8:00&quot;],&quot;to&quot;:[&quot;17:00&quot;]},{&quot;from&quot;:[&quot;8:00&quot;],&quot;to&quot;:[&quot;17:00&quot;]}]\"\n\t\t\t\tdata-popup-class=\"\"><\/div><\/div>\n\t\t\t<\/div><input name=\"sln[date]\" type=\"hidden\" value=\"22 Tra 2026\"\/>\n<\/div>\n<div class=\"col-xs-12  sln-input sln-input--datepicker\">\n    <div id=\"sln_timepicker_viewdate\"><\/div>\n<span class=\"sln-jstime\">\n\t\t\t<div class=\"sln_timepicker\"><div id=\"sln_time\"\n\t\t\t\tdata-meridian=\"false\"\n\t\t\t\tdata-format=\"hh:ii\" value=\"11:10\"\n\t\t\t\tdata-interval=\"5\" data-locale=\"hr\"\n                data-value=\"2026-04-22 11:10:00\"\n\t\t\t\tdata-popup-class=\"\"><\/div><\/div>\n\t\t\t<\/span><input name=\"sln[time]\" type=\"hidden\" value=\"11:10\"\/>\n<\/div>\n\n\n<input type=\"hidden\" name=\"sln[customer_timezone]\" value=\"\">\n            <\/div>\r\n                <div id=\"sln-box__bottombar\" class=\"row sln-box__bottombar sln-box__bottombar--date\">\r\n    <!-- <div class=\"sln-box__bottombar__fkbg\"><\/div> -->\r\n    <div class=\"sln-box__bottombar__fkbg--customcolors\"><\/div>\r\n    <div class=\"col-xs-12\">\r\n\r\n\r\n        \r\n                            <div class=\"sln-box--formactions sln-box--formactions--date form-actions\">\r\n                <div class=\"sln-btn sln-btn--emphasis sln-btn--medium sln-btn--fullwidth sln-btn--nextstep\">\r\n                            <button\r\n                        id=\"sln-step-submit\" type=\"submit\" name=\"submit_date\" value=\"next\">\r\n            Sljede\u0107i korak <i class=\"glyphicon glyphicon-chevron-right\"><\/i>\r\n        <\/button>\r\n        <button\r\n                id=\"sln-step-submit-complete\" value=\"next\" class=\"hidden\">\r\n            Kompletan        <\/button>\r\n                        <\/div>\r\n                                       <div class=\"sln-btn--prevstep\"><\/div>\r\n                            <\/div>\r\n            <\/div>\r\n<\/div> <!-- sln-box--main closing tag if size == 900 else sln-box--formactions closing tag -->\r\n    <input type=\"hidden\" name=\"trp-form-language\" value=\"hr\"\/><\/form>\r\n        \r\n            <div id=\"sln-notifications\" class=\"sln-notifications--fix--tr\"><\/div>\r\n        <div id=\"sln-salon__follower\"><\/div>\r\n    <\/div>\r\n    <!-- .sln-salon__wrapper \/\/ END -->\r\n<\/div>                    <\/div>\n    <\/div>\n\n    <div id=\"sln-plugin-credits\" class=\"sln-credits sln-salon--m-credits\">\n        Ponosno omogu\u0107uje        <a target=\"_blanck\"\n           href=\"https:\/\/www.salonbookingsystem.com\/plugin-pricing\/#utm_source=plugin-credits&utm_medium=booking-form&utm_campaign=booking-form&utm_id=plugin-credits\">Rezervacijski Sustav Salona<\/a>\n    <\/div>\n<\/div>\n\t\t\t\t\t\t<\/div>\n\t\t\t\t<\/div>\n\t\t\t\t\t<\/div>\n\t\t<\/div>\n\t\t\t\t\t<\/div>\n\t\t<\/section>\n\t\t\t\t<\/div>","protected":false},"excerpt":{"rendered":"<p>WORKING HOURSE Mon08:00 &#8211; 17:00 Tue08:00 &#8211; 17:00 Wed08:00 &#8211; 17:00 Thu08:00 &#8211; 17:00 Fri08:00 &#8211; 17:00 Sat08:00 &#8211; 17:00 SunClosed Contact Us banknote AMAZING SERVICES Need a haircut? Booking at Frizerski Studio GOGO is a breeze. From classic styles to trendy cuts, our professional team is ready to create [&hellip;]<\/p>","protected":false},"author":1,"featured_media":0,"parent":0,"menu_order":0,"comment_status":"closed","ping_status":"closed","template":"","meta":{"inline_featured_image":false,"advanced_seo_description":"","jetpack_seo_html_title":"","jetpack_seo_noindex":false,"footnotes":""},"class_list":["post-5167","page","type-page","status-publish","hentry"],"jetpack_sharing_enabled":true,"_links":{"self":[{"href":"https:\/\/frizerskistudiogogo.com\/hr\/wp-json\/wp\/v2\/pages\/5167","targetHints":{"allow":["GET"]}}],"collection":[{"href":"https:\/\/frizerskistudiogogo.com\/hr\/wp-json\/wp\/v2\/pages"}],"about":[{"href":"https:\/\/frizerskistudiogogo.com\/hr\/wp-json\/wp\/v2\/types\/page"}],"author":[{"embeddable":true,"href":"https:\/\/frizerskistudiogogo.com\/hr\/wp-json\/wp\/v2\/users\/1"}],"replies":[{"embeddable":true,"href":"https:\/\/frizerskistudiogogo.com\/hr\/wp-json\/wp\/v2\/comments?post=5167"}],"version-history":[{"count":5,"href":"https:\/\/frizerskistudiogogo.com\/hr\/wp-json\/wp\/v2\/pages\/5167\/revisions"}],"predecessor-version":[{"id":8486,"href":"https:\/\/frizerskistudiogogo.com\/hr\/wp-json\/wp\/v2\/pages\/5167\/revisions\/8486"}],"wp:attachment":[{"href":"https:\/\/frizerskistudiogogo.com\/hr\/wp-json\/wp\/v2\/media?parent=5167"}],"curies":[{"name":"wp","href":"https:\/\/api.w.org\/{rel}","templated":true}]}}